{"id":12866,"date":"2023-06-19T05:21:49","date_gmt":"2023-06-19T05:21:49","guid":{"rendered":"https:\/\/adencosmetics.com.tr\/teslimat-ve-iade-kosullari\/"},"modified":"2023-12-21T22:09:36","modified_gmt":"2023-12-21T22:09:36","slug":"delivery-and-return-policy","status":"publish","type":"page","link":"https:\/\/adencosmetics.com.tr\/en\/delivery-and-return-policy\/","title":{"rendered":"Delivery and Return Policy"},"content":{"rendered":"\t\t<div data-elementor-type=\"wp-page\" data-elementor-id=\"12866\" class=\"elementor elementor-12866\" data-elementor-post-type=\"page\">\n\t\t\t\t\t\t<section class=\"elementor-section elementor-top-section elementor-element elementor-element-7009839 elementor-section-boxed elementor-section-height-default elementor-section-height-default\" data-id=\"7009839\" data-element_type=\"section\" data-e-type=\"section\">\n\t\t\t\t\t\t<div class=\"elementor-container elementor-column-gap-default\">\n\t\t\t\t\t<div class=\"elementor-column elementor-col-100 elementor-top-column elementor-element elementor-element-1edcc51\" data-id=\"1edcc51\" data-element_type=\"column\" data-e-type=\"column\">\n\t\t\t<div class=\"elementor-widget-wrap elementor-element-populated\">\n\t\t\t\t\t\t<div class=\"elementor-element elementor-element-30cc52b elementor-widget__width-initial elementor-widget elementor-widget-text-editor\" data-id=\"30cc52b\" data-element_type=\"widget\" data-e-type=\"widget\" data-widget_type=\"text-editor.default\">\n\t\t\t\t<div class=\"elementor-widget-container\">\n\t\t\t\t\t        <div class=\"elementor-text-editor elementor-clearfix\"><p><\/p><p><strong>Teslimat Ko\u015fullar\u0131<\/strong><\/p><p>\u00a0<\/p><p>Sipari\u015f etmi\u015f oldu\u011funuz \u00fcr\u00fcnleri ayn\u0131 g\u00fcn kargoya teslim etmeye \u00f6zen g\u00f6steriyoruz.<\/p><p>\u00a0<\/p><p>Kargo s\u00fcre\u00e7lerindeki yo\u011funluk ve de\u011fi\u015fkenli\u011fe g\u00f6re standart teslim s\u00fcresi \u00fcr\u00fcn detay\u0131nda belirtildi\u011fi gibi 3-5 i\u015f g\u00fcn\u00fcd\u00fcr. Kargo yo\u011funluk fakt\u00f6rlerine g\u00f6re muhtemel teslimat zaman de\u011fi\u015fkenlik g\u00f6sterdi\u011finde size ayr\u0131ca bilgi verilecektir.\u00a0<\/p><p>\u00a0<\/p><p>\u00dcr\u00fcn teslimat\u0131n\u0131n aksamadan ger\u00e7ekle\u015ftirilebilmesi i\u00e7in l\u00fctfen g\u00fcn i\u00e7inde bulundu\u011funuz yerin adresini teslimat adresi olarak bildiriniz.\u00a0<\/p><p>\u00a0<\/p><p>Talepleriniz sipari\u015f sonunda belirlemi\u015f oldu\u011funuz teslimat tipine g\u00f6re haz\u0131rlanmak \u00fczere i\u015fleme al\u0131nacakt\u0131r. Antalya merkezli \u015firketimizden \u00fcr\u00fcnler\u00a0<strong>PPT Kargo ve Trendyol Express<\/strong>\u00a0firmas\u0131yla g\u00f6nderilecektir. Sipari\u015fleriniz onayland\u0131ktan sonra en ge\u00e7 3 (\u00fc\u00e7) i\u015f g\u00fcn\u00fc i\u00e7erisinde Kargo firmas\u0131na teslim edilir.\u00a0<\/p><p>\u00a0<\/p><p>M\u00fc\u015fteri temsilcimize dan\u0131\u015farak de\u011fi\u015fik teslimat \u015fartlar\u0131 konusunda g\u00f6r\u00fc\u015febilirsiniz. Ayr\u0131ca kargo teslimatlar\u0131 sadece T\u00fcrkiye i\u00e7in ge\u00e7erlidir<\/p><p>\u00a0<\/p><p>\u00a0<\/p><p><strong>\u00d6deme Takibi<\/strong><\/p><p>\u00a0<\/p><p>S\u00f6z konusu sistem herhangi bir sorun nedeni ile i\u015flemi ger\u00e7ekle\u015ftiremiyorsa \u00f6deme sayfas\u0131 sonucunda ziyaret\u00e7imiz bu durumdan haberdar edilmektedir.\u00a0<\/p><p>\u00a0<\/p><p>Belirtilen adreste herhangi bir hata durumunda teslimat\u0131 ger\u00e7ekle\u015femeyen sipari\u015f ile ilgili olarak sipari\u015fi veren ile ba\u011flant\u0131 kurulmaktad\u0131r.<\/p><p>\u00a0<\/p><p>Ziyaret\u00e7imiz taraf\u0131ndan belirtilen e-posta adresinin ge\u00e7erlili\u011fi sipari\u015fin aktar\u0131lmas\u0131n\u0131 takiben g\u00f6nderilen otomatik e-posta ile teyit edilmektedir.\u00a0<\/p><p>\u00a0<\/p><p>Teslimat\u0131n ger\u00e7ekle\u015fmesi konusunda m\u00fc\u015fteri kadar kredi kart\u0131 sistemini kulland\u0131\u011f\u0131m\u0131z bankaya kar\u015f\u0131 da sorumlulu\u011fumuz s\u00f6z konusudur.\u00a0<\/p><p>\u00a0<\/p><p>\u00a0<\/p><p><strong>Kargo Teslimat\u0131nda Dikkat edilmesi Gereken Konular<\/strong><\/p><p>\u00a0<\/p><p>Sevkiyat s\u0131ras\u0131nda zarar g\u00f6rd\u00fc\u011f\u00fcn\u00fc d\u00fc\u015f\u00fcnd\u00fc\u011f\u00fcn\u00fcz paketleri, teslim ald\u0131\u011f\u0131n\u0131z firma yetkilisi \u00f6n\u00fcnde a\u00e7\u0131p kontrol ediniz. E\u011fer \u00fcr\u00fcnde herhangi bir zarar oldu\u011funu d\u00fc\u015f\u00fcn\u00fcyorsan\u0131z kargo firmas\u0131na tutanak tutturularak \u00fcr\u00fcn\u00fc teslim almay\u0131n\u0131z.\u00a0<\/p><p>\u00a0<\/p><p>\u00dcr\u00fcn teslim al\u0131nd\u0131ktan sonra kargo firmas\u0131n\u0131n g\u00f6revini tam olarak yerine getirdi\u011fi kabul edilmektedir.\u00a0<\/p><p>\u00a0<\/p><p>\u00dcr\u00fcn hasarl\u0131 ise: Haz\u0131rlam\u0131\u015f oldu\u011funuz tutana\u011f\u0131 en k\u0131sa zamanda e-posta alan\u0131ndan bize iletebilirsiniz.<\/p><p>\u00a0<\/p><p>Bu i\u015flemleri ger\u00e7ekle\u015ftirdi\u011finiz takdirde, talebinizin incelenmesi sonras\u0131nda paketinizle ilgili \u00e7al\u0131\u015fmalara ba\u015flanacak, en k\u0131sa zamanda teslimat\u0131n tekrarlanmas\u0131n\u0131 sa\u011flayaca\u011f\u0131z.<\/p><p>Bu e-posta i\u00e7inde \u00fcr\u00fcn\u00fc neden iade etmek istedi\u011finizi k\u0131saca a\u00e7\u0131klarsan\u0131z \u00fcr\u00fcn ile ilgili \u00e7al\u0131\u015fmalar\u0131m\u0131zda bize yard\u0131mc\u0131 olmu\u015f olursunuz.<\/p><p>\u00a0<\/p><p><\/p><\/div>\n        \t\t\t\t<\/div>\n\t\t\t\t<\/div>\n\t\t\t\t\t<\/div>\n\t\t<\/div>\n\t\t\t\t\t<\/div>\n\t\t<\/section>\n\t\t\t\t<\/div>\n\t\t","protected":false},"excerpt":{"rendered":"<p>Teslimat Ko\u015fullar\u0131 Sipari\u015f etmi\u015f oldu\u011funuz \u00fcr\u00fcnleri ayn\u0131 g\u00fcn kargoya teslim etmeye \u00f6zen g\u00f6steriyoruz. Kargo s\u00fcre\u00e7lerindeki yo\u011funluk ve de\u011fi\u015fkenli\u011fe g\u00f6re standart teslim s\u00fcresi \u00fcr\u00fcn detay\u0131nda belirtildi\u011fi gibi 3-5 i\u015f g\u00fcn\u00fcd\u00fcr. Kargo yo\u011funluk fakt\u00f6rlerine g\u00f6re muhtemel teslimat zaman de\u011fi\u015fkenlik g\u00f6sterdi\u011finde size ayr\u0131ca bilgi verilecektir. \u00dcr\u00fcn teslimat\u0131n\u0131n aksamadan ger\u00e7ekle\u015ftirilebilmesi i\u00e7in l\u00fctfen g\u00fcn i\u00e7inde bulundu\u011funuz yerin adresini teslimat adresi &hellip; <\/p>\n<p class=\"more-link-wrap\"><a href=\"https:\/\/adencosmetics.com.tr\/en\/delivery-and-return-policy\/\" class=\"more-link\"><span>Read More<span class=\"screen-reader-text\"> &#8220;Delivery and Return Policy&#8221;<\/span><\/span><i class=\"opal-icon-angle-double-right\" aria-hidden=\"true\"><\/i><\/a><\/p>\n","protected":false},"author":1,"featured_media":0,"parent":0,"menu_order":0,"comment_status":"closed","ping_status":"closed","template":"","meta":{"inline_featured_image":false,"om_disable_all_campaigns":false,"footnotes":""},"class_list":["post-12866","page","type-page","status-publish","hentry"],"_links":{"self":[{"href":"https:\/\/adencosmetics.com.tr\/en\/wp-json\/wp\/v2\/pages\/12866","targetHints":{"allow":["GET"]}}],"collection":[{"href":"https:\/\/adencosmetics.com.tr\/en\/wp-json\/wp\/v2\/pages"}],"about":[{"href":"https:\/\/adencosmetics.com.tr\/en\/wp-json\/wp\/v2\/types\/page"}],"author":[{"embeddable":true,"href":"https:\/\/adencosmetics.com.tr\/en\/wp-json\/wp\/v2\/users\/1"}],"replies":[{"embeddable":true,"href":"https:\/\/adencosmetics.com.tr\/en\/wp-json\/wp\/v2\/comments?post=12866"}],"version-history":[{"count":0,"href":"https:\/\/adencosmetics.com.tr\/en\/wp-json\/wp\/v2\/pages\/12866\/revisions"}],"wp:attachment":[{"href":"https:\/\/adencosmetics.com.tr\/en\/wp-json\/wp\/v2\/media?parent=12866"}],"curies":[{"name":"wp","href":"https:\/\/api.w.org\/{rel}","templated":true}]}}