{"id":12874,"date":"2023-06-19T03:26:08","date_gmt":"2023-06-19T03:26:08","guid":{"rendered":"https:\/\/adencosmetics.com.tr\/kvkk-bilgilendirme-metni\/"},"modified":"2023-12-21T22:19:24","modified_gmt":"2023-12-21T22:19:24","slug":"kvkk-information-notice","status":"publish","type":"page","link":"https:\/\/adencosmetics.com.tr\/en\/kvkk-information-notice\/","title":{"rendered":"KVKK Information Notice"},"content":{"rendered":"\t\t<div data-elementor-type=\"wp-page\" data-elementor-id=\"12874\" class=\"elementor elementor-12874\" data-elementor-post-type=\"page\">\n\t\t\t\t\t\t<section class=\"elementor-section elementor-top-section elementor-element elementor-element-f0e4e81 elementor-section-boxed elementor-section-height-default elementor-section-height-default\" data-id=\"f0e4e81\" data-element_type=\"section\" data-e-type=\"section\">\n\t\t\t\t\t\t\t<div class=\"elementor-background-overlay\"><\/div>\n\t\t\t\t\t\t\t<div class=\"elementor-container elementor-column-gap-default\">\n\t\t\t\t\t<div class=\"elementor-column elementor-col-100 elementor-top-column elementor-element elementor-element-01da3e4\" data-id=\"01da3e4\" data-element_type=\"column\" data-e-type=\"column\">\n\t\t\t<div class=\"elementor-widget-wrap elementor-element-populated\">\n\t\t\t\t\t\t<div class=\"elementor-element elementor-element-8bec66f elementor-widget__width-initial elementor-widget elementor-widget-text-editor\" data-id=\"8bec66f\" data-element_type=\"widget\" data-e-type=\"widget\" data-widget_type=\"text-editor.default\">\n\t\t\t\t<div class=\"elementor-widget-container\">\n\t\t\t\t\t        <div class=\"elementor-text-editor elementor-clearfix\"><p><\/p><p><strong><u><a href=\"https:\/\/www.noteshop.com.tr\/kvkk-bilgilendirme-metni\">KVKK Bilgilendirme Metni<\/a><\/u><\/strong><\/p><p><strong>\u00a0<\/strong><\/p><p><strong>DE\u011eERL\u0130 M\u00dc\u015eTER\u0130LER\u0130M\u0130Z;<\/strong><br \/>\u00a0<\/p><p>IMEX \u0130NSAN KAYNAKLARI \u0130N\u015eAAT TUR\u0130ZM VE T\u0130CARET A.\u015e.\u00a0olarak 6698 say\u0131l\u0131 Ki\u015fisel Verilerin Korunmas\u0131 Kanunu kapsam\u0131nda veri sorumlusu olarak m\u00fc\u015fterilerimizin ve \u00e7al\u0131\u015fanlar\u0131m\u0131z\u0131n ki\u015fisel verilerini kaydedecek, s\u0131n\u0131fland\u0131racak, i\u015fleyecek, saklayacak, g\u00fcncelleyecek ve mevzuat\u0131n izin verdi\u011fi durumlarda \u00fc\u00e7\u00fcnc\u00fc ki\u015filere aktarabilece\u011fiz. \u0130\u015fbu ayd\u0131nlatma metni ile Kanun h\u00fck\u00fcmleri gere\u011fince kar\u015f\u0131l\u0131kl\u0131 hak ve y\u00fck\u00fcml\u00fcl\u00fcklerimiz konusunda sizleri bilgilendiriyoruz.<br \/>\u00a0<\/p><p><strong>\u00a0<\/strong><\/p><p><strong>1-K\u0130\u015e\u0130SEL VER\u0130LER\u0130N\u0130Z VE \u0130\u015eLENME AMA\u00c7LARI<\/strong><br \/>\u00a0<\/p><p>Taraf\u0131n\u0131za ait ki\u015fisel bilgiler; Web sitemizi ziyaretiniz, telefon veya e-posta yaz\u0131\u015fmalar\u0131ndaki payla\u015f\u0131mlar\u0131n\u0131z, i\u015f yerimizi ziyaretiniz gibi kaynaklardan toplanmaktad\u0131r. IMEX \u0130NSAN KAYNAKLARI \u0130N\u015eAAT TUR\u0130ZM VE T\u0130CARET A.\u015e. \u2019den mal veya hizmet sat\u0131n alman\u0131z veya bir ba\u015fka surette ticari veya hukuki ili\u015fkiye girmeniz durumunda bu verilerinizden; kimlik bilgileri (ad, soyad, TC kimlik numaras\u0131, cinsiyet, do\u011fum tarihi,) ba\u015fta olmak \u00fczere; ileti\u015fim verileriniz (e-mail adresi, adres ve telefon bilgileri, IP adresi), IMEX \u0130NSAN KAYNAKLARI \u0130N\u015eAAT TUR\u0130ZM VE T\u0130CARET A.\u015e.\u00a0faaliyet alan\u0131 kapsam\u0131nda sat\u0131n ald\u0131\u011f\u0131n\u0131z \u00fcr\u00fcne ili\u015fkin veriler, g\u00f6rsel ve i\u015fitsel verileriniz, IMEX \u0130NSAN KAYNAKLARI \u0130N\u015eAAT TUR\u0130ZM VE T\u0130CARET A.\u015e. taraf\u0131ndan, Kanunun 5. Maddesi 2. F\u0131kras\u0131nda belirtilen hukuka uygunluk sebepleri \u00e7er\u00e7evesinde, s\u00f6zle\u015fmenin ifas\u0131 ve yasal y\u00fck\u00fcml\u00fcl\u00fcklerin yerine getirilmesi amac\u0131yla ve zorunlu me\u015fru menfaatler kapsam\u0131nda i\u015flenecektir.<\/p><p>Yine yukar\u0131da say\u0131lanlar\u0131n d\u0131\u015f\u0131nda IMEX \u0130NSAN KAYNAKLARI \u0130N\u015eAAT TUR\u0130ZM VE T\u0130CARET A.\u015e. taraf\u0131ndan sunulan \u00fcr\u00fcn ve hizmetlerimizden sorunsuz olarak yararlanabilmeniz, \u00fcr\u00fcn ve hizmet \u00e7e\u015fitlili\u011fimizin geli\u015ftirilebilmesi ve zaman zaman sizin i\u00e7in \u201cen iyi hizmet en iyi \u00fcr\u00fcn\u201d prensibi ile hizmet sa\u011flanabilmesi, IMEX \u0130NSAN KAYNAKLARI \u0130N\u015eAAT TUR\u0130ZM VE T\u0130CARET A.\u015e.\u2019dan sat\u0131n ald\u0131\u011f\u0131n\u0131z \u00fcr\u00fcnler ile ilgili olarak otomatik sistemler arac\u0131l\u0131\u011f\u0131 ile ki\u015fisel \u00fcr\u00fcn al\u0131\u015fkanl\u0131klar\u0131n\u0131z hakk\u0131nda analiz yap\u0131larak, bu kapsamdaki m\u00fc\u015fteri hizmetleri, t\u00fcketici haklar\u0131 ve di\u011fer imkanlardan istifade edebilmeniz \u00e7e\u015fitli rapor, analiz ve \u00e7al\u0131\u015fmalar\u0131n haz\u0131rlanmas\u0131 ve sunulmas\u0131 i\u00e7in temel hak ve \u00f6zg\u00fcrl\u00fcklerinize zarar vermemek kayd\u0131 ile konum verisi, e\u011fitim verisi, meslek verisi, k\u0131yafet verisi, ara\u00e7 plakas\u0131 ve g\u00f6r\u00fcnt\u00fcs\u00fc \u00f6zellikleri, aile bireyleri verisi, IMEX \u0130NSAN KAYNAKLARI \u0130N\u015eAAT TUR\u0130ZM VE T\u0130CARET A.\u015e. taraf\u0131ndan sunulan her t\u00fcrl\u00fc \u00fcr\u00fcn ve hizmete ili\u015fkin kullan\u0131m al\u0131\u015fkanl\u0131\u011f\u0131, tercih, zevk ve be\u011fenilerinizi ifade eden ki\u015fisel verileriniz ve finansal verileriniz ise, r\u0131zan\u0131z al\u0131nmak suretiyle i\u015flenebilecektir.<br \/><br \/><\/p><p>\u00a0<\/p><p><strong>2-K\u0130\u015e\u0130SEL VER\u0130LER\u0130N \u0130\u015eLENMES\u0130NDE HUKUK\u0130 SEBEPLER<\/strong><br \/>\u00a0<\/p><p>\u015eirketimiz IMEX \u0130NSAN KAYNAKLARI \u0130N\u015eAAT TUR\u0130ZM VE T\u0130CARET A.\u015e. taraf\u0131ndan sunulan \u00fcr\u00fcn ve hizmetlerimizden sorunsuz olarak yararlanabilmek, al\u0131nan bilgiler ile \u00fcr\u00fcn \u00e7e\u015fitlili\u011fimizi geli\u015ftirebilmek be\u011feninize g\u00f6re \u00fcr\u00fcn \u00e7e\u015fitlili\u011fi sa\u011flamak, yukar\u0131da tan\u0131m\u0131 yap\u0131lan bilgileriniz al\u0131narak sizin hakk\u0131n\u0131zda ki\u015fisel bir pazarlama hizmeti sa\u011flayarak \u201c en iyi \u00fcr\u00fcn\u201d prensibi ile hizmet sa\u011flamak, otomatik sistemler arac\u0131l\u0131\u011f\u0131 ile ki\u015fisel al\u0131\u015fveri\u015f al\u0131\u015fkanl\u0131klar\u0131n\u0131z hakk\u0131nda analiz yapma ve yine grup \u015firketleri, i\u015f ortaklar\u0131, tedarik\u00e7ileri, servis sa\u011flay\u0131c\u0131lar\u0131 taraf\u0131ndan da kullan\u0131lmak \u00fczere, ald\u0131\u011f\u0131n\u0131z\/ilgilendi\u011finiz \u00fcr\u00fcnler ve ilgili m\u00fc\u015fteri hizmetleri, t\u00fcketici haklar\u0131 ve di\u011fer imk\u00e2nlardan istifade edebilmeniz ve\/veya bunlarla ilgili ticari\/mali\/hukuki sorumluluklar\u0131n yerine getirilebilmesi ve\/veya temel hak ve \u00f6zg\u00fcrl\u00fcklerinize zarar vermemek kayd\u0131 ile hukuken me\u015fru menfaatler i\u00e7in gereken veya zorunlu olan durumlarda i\u015flenebilecektir.<\/p><p>\u00a0<\/p><p>\u015eayet daha \u00f6nceden al\u0131nm\u0131\u015f r\u0131za ve izniniz mevcut de\u011filse; yukar\u0131da belirtilen ve kanunun 5\/2 maddesinde yer alan hukuka uygunluk sebeplerinden birine girmeyen ki\u015fisel verileriniz i\u00e7in yasal zorunluluk gere\u011fi r\u0131zan\u0131z\u0131 talep edece\u011fiz. Bu durumda, yaz\u0131l\u0131 imzal\u0131 izin ile ayn\u0131 hukuki nitelik ve de\u011ferde olmak \u00fczere dijital ortamda da izin verebileceksiniz.\u00a0<\/p><p><br \/>\u00a0<\/p><p><strong>3-VER\u0130LER\u0130N PAYLA\u015eIMI VE AKTARIMI<\/strong><br \/>\u00a0<\/p><p>Web sitelerimiz, mobil aplikasyonlar\u0131m\u0131z \u00fczerinden, do\u011frudan sizlerden al\u0131nan ve \u015firketimiz taraf\u0131ndan \u00e7e\u015fitli kanallardan temin edilen ki\u015fisel verileriniz mevzuatta belirlenen g\u00fcvenlik ve gizlilik esaslar\u0131 uyar\u0131nca yeterli ve etkili \u00f6nlemler al\u0131nmak kayd\u0131yla; yasal zorunluluk gere\u011fi bu verileri talep etmeye yetkili olan kamu kurum veya kurulu\u015flar\u0131, faaliyetlerimiz gere\u011fi anla\u015fmal\u0131 oldu\u011fumuz yurt i\u00e7indeki ve d\u0131\u015f\u0131ndaki kurumlar ve i\u015f ortaklar\u0131m\u0131z ile payla\u015fabilecektir.<br \/>\u00a0<\/p><p><strong>4-KANUN KAPSAMINDAK\u0130 HAKLARINIZ<\/strong><br \/>\u00a0<\/p><p>Ki\u015fisel veri sahipleri olarak, haklar\u0131n\u0131za ili\u015fkin taleplerinizi www.adencosmetics.com.tr internet adresinden kamuoyu ile payla\u015f\u0131lm\u0131\u015f olan IMEX \u0130NSAN KAYNAKLARI \u0130N\u015eAAT TUR\u0130ZM VE T\u0130CARET A.\u015e. Ki\u015fisel Verilerin Korunmas\u0131 ve \u0130\u015flenmesi Politikas\u0131nda ve Veri sahibi ba\u015fvuru prosed\u00fcr\u00fcnde d\u00fczenlenen y\u00f6ntemlerle (Veri sahibine ba\u015fvuru usulleri tebli\u011fi esas al\u0131nm\u0131\u015ft\u0131r) ve ayn\u0131 web adresinde yay\u0131nlanan ki\u015fisel veri ba\u015fvuru formunu doldurmak veya ba\u015fvuru formunda yaz\u0131l\u0131 zorunlu bilgilerinizi i\u00e7erir ba\u015fka bir belge veya e-posta i\u00e7eri\u011fi ile suretiyle yaz\u0131l\u0131 olarak veya kay\u0131tl\u0131 elektronik posta (KEP) adresi, g\u00fcvenli elektronik imza, mobil imza ya da ilgili ki\u015fi taraf\u0131ndan IMEX \u0130NSAN KAYNAKLARI \u0130N\u015eAAT TUR\u0130ZM VE T\u0130CARET A.\u015e.\u2019ye daha \u00f6nce bildirilen ve IMEX \u0130NSAN KAYNAKLARI \u0130N\u015eAAT TUR\u0130ZM VE T\u0130CARET A.\u015e. \u2019nin sisteminde kay\u0131tl\u0131 bulunan elektronik posta adresini kullanmak suretiyle veya ba\u015fvuru amac\u0131na y\u00f6nelik geli\u015ftirilmi\u015f bir yaz\u0131l\u0131m ya da uygulama vas\u0131tas\u0131yla kimli\u011finiz teyit edilebilir bir bi\u00e7imde IMEX \u0130NSAN KAYNAKLARI \u0130N\u015eAAT TUR\u0130ZM VE T\u0130CARET A.\u015e.\u2019ye iletmeniz durumunda IMEX \u0130NSAN KAYNAKLARI \u0130N\u015eAAT TUR\u0130ZM VE T\u0130CARET A.\u015e. talebin niteli\u011fine g\u00f6re talebi en k\u0131sa s\u00fcrede ve en ge\u00e7 otuz g\u00fcn i\u00e7inde \u00fccretsiz olarak sonu\u00e7land\u0131racakt\u0131r. Ancak, i\u015flemin ayr\u0131ca bir maliyeti gerektirmesi h\u00e2linde, IMEX \u0130NSAN KAYNAKLARI \u0130N\u015eAAT TUR\u0130ZM VE T\u0130CARET A.\u015e. taraf\u0131ndan Ki\u015fisel Verileri Koruma Kurulunca belirlenen tarifedeki \u00fccret al\u0131nacakt\u0131r. Bu kapsamda ki\u015fisel veri sahipleri;<\/p><ul><li>Ki\u015fisel veri i\u015flenip i\u015flenmedi\u011fini \u00f6\u011frenme,<\/li><li>Ki\u015fisel verileri i\u015flenmi\u015fse buna ili\u015fkin bilgi talep etme,<\/li><li>Ki\u015fisel verilerin i\u015flenme amac\u0131n\u0131 ve bunlar\u0131n amac\u0131na uygun kullan\u0131l\u0131p kullan\u0131lmad\u0131\u011f\u0131n\u0131 \u00f6\u011frenme,<\/li><li>Yurt i\u00e7inde veya yurt d\u0131\u015f\u0131nda ki\u015fisel verilerin aktar\u0131ld\u0131\u011f\u0131 \u00fc\u00e7\u00fcnc\u00fc ki\u015fileri bilme,<\/li><li>Ki\u015fisel verilerin eksik veya yanl\u0131\u015f i\u015flenmi\u015f olmas\u0131 h\u00e2linde bunlar\u0131n d\u00fczeltilmesini isteme ve bu kapsamda yap\u0131lan i\u015flemin ki\u015fisel verilerin aktar\u0131ld\u0131\u011f\u0131 \u00fc\u00e7\u00fcnc\u00fc ki\u015filere bildirilmesini isteme,<\/li><li>6698 say\u0131l\u0131 Kanun ve ilgili di\u011fer kanun h\u00fck\u00fcmlerine uygun olarak i\u015flenmi\u015f olmas\u0131na ra\u011fmen, i\u015flenmesini gerektiren sebeplerin ortadan kalkmas\u0131 h\u00e2linde ki\u015fisel verilerin silinmesini veya yok edilmesini isteme ve bu kapsamda yap\u0131lan i\u015flemin ki\u015fisel verilerin aktar\u0131ld\u0131\u011f\u0131 \u00fc\u00e7\u00fcnc\u00fc ki\u015filere bildirilmesini isteme,<\/li><li>\u0130\u015flenen verilerin m\u00fcnhas\u0131ran otomatik sistemler vas\u0131tas\u0131yla analiz edilmesi suretiyle ki\u015finin kendisi aleyhine bir sonucun ortaya \u00e7\u0131kmas\u0131na itiraz etme,<\/li><li>Ki\u015fisel verilerin kanuna ayk\u0131r\u0131 olarak i\u015flenmesi sebebiyle zarara u\u011framas\u0131 h\u00e2linde zarar\u0131n giderilmesini talep etme haklar\u0131na sahiptir.<\/li><\/ul><p>\u00a0<\/p><p>Sayg\u0131lar\u0131m\u0131zla<br \/>\u00a0<\/p><p>Ki\u015fisel verilerinizle ilgili kapsaml\u0131 bilgi i\u00e7in www.noteshop.com.tr web sitesinde yer alan IMEX \u0130NSAN KAYNAKLARI \u0130N\u015eAAT TUR\u0130ZM VE T\u0130CARET A.\u015e. K\u0130\u015e\u0130SEL VER\u0130LER\u0130N KORUNMASI VE \u0130\u015eLENMES\u0130 POL\u0130T\u0130KASI\u2019n\u0131 inceleyebilirsiniz.<\/p><p>\u00a0<\/p><p>IMEX \u0130NSAN KAYNAKLARI \u0130N\u015eAAT TUR\u0130ZM VE T\u0130CARET A.\u015e.<\/p><p>\u00a0<\/p><p>Adres: Alt\u0131nda\u011f Mah. Tongu\u00e7 Cad. No:26 Mehmet Zeki Balc\u0131 \u0130\u015f Merkezi K:5 D:17 Muratpa\u015fa\/ Antalya<\/p><p>\u00a0<\/p><p>Tel: +90 539 826 71 94<\/p><p>\u00a0<\/p><p>E-posta:\u00a0<a href=\"mailto:sales@adencosmetics.com.tr\"><strong>sales@adencosmetics.com.tr<\/strong><\/a><\/p><p>\u00a0<\/p><p><a href=\"http:\/\/www.adencosmetics.com.tr\"><strong>www.adencosmetics.com.tr<\/strong><\/a><\/p><p>\u00a0<\/p><p><\/p><\/div>\n        \t\t\t\t<\/div>\n\t\t\t\t<\/div>\n\t\t\t\t\t<\/div>\n\t\t<\/div>\n\t\t\t\t\t<\/div>\n\t\t<\/section>\n\t\t\t\t<\/div>\n\t\t","protected":false},"excerpt":{"rendered":"<p>KVKK Bilgilendirme Metni \u00a0 DE\u011eERL\u0130 M\u00dc\u015eTER\u0130LER\u0130M\u0130Z; IMEX \u0130NSAN KAYNAKLARI \u0130N\u015eAAT TUR\u0130ZM VE T\u0130CARET A.\u015e.\u00a0olarak 6698 say\u0131l\u0131 Ki\u015fisel Verilerin Korunmas\u0131 Kanunu kapsam\u0131nda veri sorumlusu olarak m\u00fc\u015fterilerimizin ve \u00e7al\u0131\u015fanlar\u0131m\u0131z\u0131n ki\u015fisel verilerini kaydedecek, s\u0131n\u0131fland\u0131racak, i\u015fleyecek, saklayacak, g\u00fcncelleyecek ve mevzuat\u0131n izin verdi\u011fi durumlarda \u00fc\u00e7\u00fcnc\u00fc ki\u015filere aktarabilece\u011fiz. \u0130\u015fbu ayd\u0131nlatma metni ile Kanun h\u00fck\u00fcmleri gere\u011fince kar\u015f\u0131l\u0131kl\u0131 hak ve y\u00fck\u00fcml\u00fcl\u00fcklerimiz konusunda sizleri &hellip; <\/p>\n<p class=\"more-link-wrap\"><a href=\"https:\/\/adencosmetics.com.tr\/en\/kvkk-information-notice\/\" class=\"more-link\"><span>Read More<span class=\"screen-reader-text\"> &#8220;KVKK Information Notice&#8221;<\/span><\/span><i class=\"opal-icon-angle-double-right\" aria-hidden=\"true\"><\/i><\/a><\/p>\n","protected":false},"author":1,"featured_media":0,"parent":0,"menu_order":0,"comment_status":"closed","ping_status":"closed","template":"","meta":{"inline_featured_image":false,"om_disable_all_campaigns":false,"footnotes":""},"class_list":["post-12874","page","type-page","status-publish","hentry"],"_links":{"self":[{"href":"https:\/\/adencosmetics.com.tr\/en\/wp-json\/wp\/v2\/pages\/12874","targetHints":{"allow":["GET"]}}],"collection":[{"href":"https:\/\/adencosmetics.com.tr\/en\/wp-json\/wp\/v2\/pages"}],"about":[{"href":"https:\/\/adencosmetics.com.tr\/en\/wp-json\/wp\/v2\/types\/page"}],"author":[{"embeddable":true,"href":"https:\/\/adencosmetics.com.tr\/en\/wp-json\/wp\/v2\/users\/1"}],"replies":[{"embeddable":true,"href":"https:\/\/adencosmetics.com.tr\/en\/wp-json\/wp\/v2\/comments?post=12874"}],"version-history":[{"count":0,"href":"https:\/\/adencosmetics.com.tr\/en\/wp-json\/wp\/v2\/pages\/12874\/revisions"}],"wp:attachment":[{"href":"https:\/\/adencosmetics.com.tr\/en\/wp-json\/wp\/v2\/media?parent=12874"}],"curies":[{"name":"wp","href":"https:\/\/api.w.org\/{rel}","templated":true}]}}