{"id":12880,"date":"2023-06-19T03:28:38","date_gmt":"2023-06-19T03:28:38","guid":{"rendered":"https:\/\/adencosmetics.com.tr\/kvkk-basvuru-formu\/"},"modified":"2023-12-21T22:22:27","modified_gmt":"2023-12-21T22:22:27","slug":"kvkk-application-form","status":"publish","type":"page","link":"https:\/\/adencosmetics.com.tr\/en\/kvkk-application-form\/","title":{"rendered":"KVKK Application Form"},"content":{"rendered":"\t\t<div data-elementor-type=\"wp-page\" data-elementor-id=\"12880\" class=\"elementor elementor-12880\" data-elementor-post-type=\"page\">\n\t\t\t\t\t\t<section class=\"elementor-section elementor-top-section elementor-element elementor-element-dc408b0 elementor-section-boxed elementor-section-height-default elementor-section-height-default\" data-id=\"dc408b0\" data-element_type=\"section\" data-e-type=\"section\">\n\t\t\t\t\t\t\t<div class=\"elementor-background-overlay\"><\/div>\n\t\t\t\t\t\t\t<div class=\"elementor-container elementor-column-gap-default\">\n\t\t\t\t\t<div class=\"elementor-column elementor-col-100 elementor-top-column elementor-element elementor-element-fee9ddc\" data-id=\"fee9ddc\" data-element_type=\"column\" data-e-type=\"column\">\n\t\t\t<div class=\"elementor-widget-wrap elementor-element-populated\">\n\t\t\t\t\t\t<div class=\"elementor-element elementor-element-1a5c7c7 elementor-widget__width-initial elementor-widget elementor-widget-text-editor\" data-id=\"1a5c7c7\" data-element_type=\"widget\" data-e-type=\"widget\" data-widget_type=\"text-editor.default\">\n\t\t\t\t<div class=\"elementor-widget-container\">\n\t\t\t\t\t        <div class=\"elementor-text-editor elementor-clearfix\"><p><\/p><p><strong>KVKK BA\u015eVURU FORMU<\/strong><br \/>\u00a0<\/p><ol><li><strong> BA\u015eVURU HAKKININ KAPSAMI<\/strong><\/li><\/ol><p>6698 Say\u0131l\u0131 Ki\u015fisel Verilerin Korunmas\u0131 Kanunu\u2019nda (\u201cKVKK\u201d) ilgili ki\u015fi olarak tan\u0131mlanan ki\u015fisel veri sahiplerine (\u201cBundan sonra \u201cBa\u015fvuru Sahibi\u201d olarak an\u0131lacakt\u0131r), KVKK\u2019n\u0131n 11\u2019inci maddesinde ki\u015fisel verilerinin i\u015flenmesine ili\u015fkin birtak\u0131m taleplerde bulunma hakk\u0131 tan\u0131nm\u0131\u015ft\u0131r.<\/p><p>\u00a0<\/p><p>Ba\u015fvuru Sahibinin haklar\u0131 a\u015fa\u011f\u0131daki gibidir:<\/p><p>\u00a0<\/p><ol><li>Ki\u015fisel verilerinin i\u015flenip i\u015flenmedi\u011fini \u00f6\u011frenme<\/li><li>Ki\u015fisel verileri i\u015flenmi\u015fse buna ili\u015fkin bilgi talep etme,<\/li><li>Ki\u015fisel verilerinin i\u015flenme amac\u0131 ve bunlar\u0131n amac\u0131na uygun kullan\u0131l\u0131p kullan\u0131lmad\u0131\u011f\u0131n\u0131 \u00f6\u011frenme,<\/li><li>Ki\u015fisel verilerinin yurt i\u00e7inde veya yurt d\u0131\u015f\u0131nda aktar\u0131ld\u0131\u011f\u0131 \u00fc\u00e7\u00fcnc\u00fc ki\u015fileri \u00f6\u011frenme,<\/li><li>Ki\u015fisel verilerini eksik veya yanl\u0131\u015f i\u015flenmi\u015f olmas\u0131 h\u00e2linde bunlar\u0131n d\u00fczeltilmesini isteme ve bu kapsamda yap\u0131lan i\u015flemin ki\u015fisel verilerin aktar\u0131ld\u0131\u011f\u0131 \u00fc\u00e7\u00fcnc\u00fc ki\u015filere bildirilmesini isteme,<\/li><li>KVKK ve ilgili di\u011fer kanun h\u00fck\u00fcmlerine uygun olarak i\u015flenmi\u015f olmas\u0131na ra\u011fmen, i\u015flenmesini gerektiren sebeplerin ortadan kalkmas\u0131 h\u00e2linde ki\u015fisel verilerinin silinmesini, yok edilmesini veya anonim hale getirilmesini isteme ve bu kapsamda yap\u0131lan i\u015flemin ki\u015fisel verilerinin aktar\u0131ld\u0131\u011f\u0131 \u00fc\u00e7\u00fcnc\u00fc ki\u015filere bildirilmesini isteme,<\/li><li>\u0130\u015flenen verilerinin m\u00fcnhas\u0131ran otomatik sistemler vas\u0131tas\u0131yla analiz edilmesi suretiyle aleyhine bir sonucun ortaya \u00e7\u0131kmas\u0131na itiraz etme,<\/li><li>Ki\u015fisel verilerinin kanuna ayk\u0131r\u0131 olarak i\u015flenmesi sebebiyle zarara u\u011framas\u0131 h\u00e2linde zarar\u0131n giderilmesini talep etme.<\/li><li><strong> BA\u015eVURU Y\u00d6NTEM\u0130<\/strong><\/li><\/ol><p>KVKK\u2019n\u0131n 13\u2019\u00fcnc\u00fc maddesinin birinci f\u0131kras\u0131 uyar\u0131nca; Veri Sorumlusu olan www.adencosmetics.com.tr \u2019ye bu haklara ili\u015fkin olarak yap\u0131lacak ba\u015fvurular\u0131n a\u015fa\u011f\u0131daki ba\u015fvuru y\u00f6ntemleri veya Ki\u015fisel Verilerin Koruma Kurulu (\u201cKurul\u201d) taraf\u0131ndan belirlenen di\u011fer y\u00f6ntemlerle taraf\u0131m\u0131za iletilmesi gerekmektedir.<\/p><p>\u00a0<\/p><p>adencosmetics.com.tr\u2019ye \u201cyaz\u0131l\u0131\u201d olarak yap\u0131lacak ba\u015fvurular, bu formun \u00e7\u0131kt\u0131s\u0131 al\u0131narak tablodaki y\u00f6ntemlerden biri ile yap\u0131lacakt\u0131r. Elektronik posta yolu ile yap\u0131lan ba\u015fvurular i\u00e7in bu formun \u00e7\u0131kt\u0131s\u0131n\u0131 almaya gerek yoktur. Ba\u015fvuru Sahibi, yaz\u0131l\u0131 ba\u015fvurularda a\u015fa\u011f\u0131daki a\u00e7\u0131klamalara dikkat etmelidir.<br \/>\u00a0<\/p><p>\u00a0<\/p><p>BA\u015eVURU Y\u00d6NTEM\u0130<\/p><p>\u00a0<\/p><p>BA\u015eVURU ADRES\u0130<\/p><p>\u00a0<\/p><p>BA\u015eVURUDA SUNULMASI ZORUNLU B\u0130LG\u0130LER<\/p><p>\u00a0<\/p><p>\u0130adeli Taahh\u00fctl\u00fc Mektup\/ Noter Kanal\u0131<\/p><p><strong>IMEX \u0130NSAN KAYNAKLARI \u0130N\u015eAAT TUR\u0130ZM VE T\u0130CARET A.\u015e.<\/strong><\/p><p>Adres: Alt\u0131nda\u011f Mah. Tongu\u00e7 Cad. No:26 Mehmet Zeki Balc\u0131 \u0130\u015f Merkezi K:5 D:17 Muratpa\u015fa\/ Antalya<\/p><p>Tel: +90 539 826 71 94<\/p><p>E-posta:\u00a0<a href=\"mailto:sales@imex-partners.com\">sales@imex-partners.com<\/a><\/p><p>\u00a0<\/p><p>Zarf\u0131n\/tebligat\u0131n \u00fczerine \u201cKi\u015fisel Verilerin Korunmas\u0131 Kanunu Kapsam\u0131nda Bilgi Talebi\u201d yaz\u0131lacakt\u0131r.<\/p><p>\u00a0<\/p><p>\u015eahsen Ba\u015fvuru<\/p><p>Zarf\u0131n \u00fczerine \u201cKi\u015fisel Verilerin Korunmas\u0131 Kanunu Kapsam\u0131nda Bilgi Talebi\u201d yaz\u0131lacakt\u0131r.<\/p><p>\u00a0<\/p><p>Kay\u0131tl\u0131 Elektronik Posta (KEP) Yoluyla<\/p><p><strong>imexticaretanonimsirketi@hs01.kep.tr\u00a0\u00a0\u00a0\u00a0\u00a0\u00a0\u00a0\u00a0<\/strong><\/p><p>\u00a0<\/p><p>Kay\u0131tl\u0131 e-postan\u0131n konu b\u00f6l\u00fcm\u00fcne \u201cKi\u015fisel Verilerin Korunmas\u0131 Kanunu Kapsam\u0131nda Bilgi Talebi\u201d yaz\u0131lacakt\u0131r.<\/p><p>\u00a0<\/p><p>Elektronik Posta Yoluyla<\/p><p><a href=\"mailto:sales@imex-partners.com\">sales@imex-partners.com<\/a><\/p><p>\u00a0<\/p><p>E-postan\u0131n konu b\u00f6l\u00fcm\u00fcne \u201cKi\u015fisel Verilerin Korunmas\u0131 Kanunu Kapsam\u0131nda Bilgi Talebi\u201d yaz\u0131lacakt\u0131r. Ba\u015fvuru Sahibi; adencosmetics.com.tr\u2019ye \u00fcye olurken sisteme kaydetti\u011fi e-posta adresi kullan\u0131larak yap\u0131l\u0131p yap\u0131lmad\u0131\u011f\u0131 teyit edilerek, i\u015fbu e-posta adresi kullan\u0131larak yap\u0131lan talepler kabul edilecektir.<\/p><p>\u00a0<\/p><p>G\u00fcvenli Elektronik \u0130mza ile \u0130mzalanm\u0131\u015f Elektronik Posta Yoluyla<\/p><p><a href=\"mailto:info@adencosmetics.com.tr\">info@adencosmetics.com.tr<\/a><\/p><p>\u00a0<\/p><p>E-postan\u0131n konu b\u00f6l\u00fcm\u00fcne \u201cKi\u015fisel Verilerin Korunmas\u0131 Kanunu Kapsam\u0131nda Bilgi Talebi\u201d yaz\u0131lacakt\u0131r.<\/p><p><br \/>\u00a0<\/p><ol start=\"3\"><li><strong>BA\u015eVURUNUN KAPSAMI VE BA\u015eVURU SAH\u0130B\u0130N\u0130N \u0130LET\u0130\u015e\u0130M B\u0130LG\u0130LER\u0130<\/strong><\/li><\/ol><p>\u00a0<\/p><p>Ad\u0131 Soyad\u0131:<\/p><p>T.C. Kimlik Numaras\u0131:<\/p><p>Cep Telefonu Numaras\u0131:<\/p><p>E-posta Adresi:<\/p><p>Adresi<\/p><ol start=\"4\"><li>L\u00fctfen KVKK kapsam\u0131ndaki talebinizi detayl\u0131 olarak belirtiniz:<\/li><\/ol><p>&#8230;&#8230;&#8230;&#8230;&#8230;&#8230;&#8230;&#8230;&#8230;&#8230;&#8230;&#8230;&#8230;&#8230;&#8230;&#8230;&#8230;&#8230;&#8230;&#8230;&#8230;&#8230;&#8230;&#8230;&#8230;&#8230;&#8230;&#8230;&#8230;&#8230;&#8230;&#8230;&#8230;&#8230;&#8230;&#8230;&#8230;&#8230;&#8230;&#8230;&#8230;&#8230;&#8230;&#8230;&#8230;&#8230;&#8230;&#8230;&#8230;&#8230;&#8230;&#8230;&#8230;&#8230;. 5.<br \/><br \/><br \/><\/p><p><strong>BA\u015eVURULARIN SONU\u00c7LANDIRILMASI<\/strong><br \/>\u00a0<\/p><p>Ba\u015fvuru Sahibinin ki\u015fisel verilerine ili\u015fkin talebini adencosmetics.com.tr\u2019ye yaz\u0131l\u0131 olarak ve bu ba\u015fvuru formu kapsam\u0131nda a\u00e7\u0131klanan y\u00f6ntemlerle iletmesi durumunda, noteshop.com.tr, talebin niteli\u011fine g\u00f6re talebin adencosmetics.com.tr\u2019ye ula\u015ft\u0131\u011f\u0131 tarihten itibaren (30) g\u00fcn i\u00e7inde sonu\u00e7land\u0131racak ve Ba\u015fvuru Sahibine elektronik ortamda iletecektir.<\/p><p>\u00a0<\/p><p>Ki\u015fisel verilerin g\u00fcvenli\u011finin sa\u011flanmas\u0131 ve hukuka ayk\u0131r\u0131 veri payla\u015f\u0131mlar\u0131n\u0131n \u00f6nlenmesi amac\u0131yla noteshop.com.tr, Ba\u015fvuru Sahili\u2019nden kimlik do\u011frulamas\u0131 i\u00e7in bilgi talebinde bulunabilir. adencosmetics.com.tr ayr\u0131ca ba\u015fvurunun talebe uygun bir bi\u00e7imde sonu\u00e7land\u0131r\u0131lmas\u0131n\u0131 sa\u011flamak ad\u0131na, Ba\u015fvuru Sahibi \u2018ne ba\u015fvurusu ile ilgili soru y\u00f6neltebilir. Talebin ayr\u0131ca bir maliyet gerektirmesi durumunda Kurul taraf\u0131ndan belirlenecek olan tarifedeki \u00fccret Ba\u015fvuru Sahibi \u2018ne yans\u0131t\u0131labilir (Veri Sorumlusuna Ba\u015fvuru Usul ve Esaslar\u0131 Hakk\u0131nda Tebli\u011f &#8211; Madde 7). Ba\u015fvuru Sahibi, bu form kapsam\u0131nda iletmekte oldu\u011fu taleplere ili\u015fkin bilgilerinin do\u011fru ve g\u00fcncel olmamas\u0131 ya da yetkisiz ba\u015fvuru yap\u0131lmas\u0131 durumunda adencosmetics.com.tr\u2019nin s\u00f6z konusu ba\u015fvurudan do\u011facak taleplerden dolay\u0131 herhangi bir sorumlulu\u011fu olmayaca\u011f\u0131n\u0131 kabul eder.<\/p><p>\u00a0<\/p><p>Ba\u015fvuru Sahibi (\u0130lgili Ki\u015fi) Ad\u0131 &#8211; Soyad\u0131:<\/p><p>\u00a0<\/p><p>Ba\u015fvuru Tarihi:<\/p><p>\u00a0<\/p><p>\u0130mza:<\/p><p>\u00a0<\/p><p>\u00a0<\/p><p><\/p><\/div>\n        \t\t\t\t<\/div>\n\t\t\t\t<\/div>\n\t\t\t\t\t<\/div>\n\t\t<\/div>\n\t\t\t\t\t<\/div>\n\t\t<\/section>\n\t\t\t\t<\/div>\n\t\t","protected":false},"excerpt":{"rendered":"<p>KVKK BA\u015eVURU FORMU BA\u015eVURU HAKKININ KAPSAMI 6698 Say\u0131l\u0131 Ki\u015fisel Verilerin Korunmas\u0131 Kanunu\u2019nda (\u201cKVKK\u201d) ilgili ki\u015fi olarak tan\u0131mlanan ki\u015fisel veri sahiplerine (\u201cBundan sonra \u201cBa\u015fvuru Sahibi\u201d olarak an\u0131lacakt\u0131r), KVKK\u2019n\u0131n 11\u2019inci maddesinde ki\u015fisel verilerinin i\u015flenmesine ili\u015fkin birtak\u0131m taleplerde bulunma hakk\u0131 tan\u0131nm\u0131\u015ft\u0131r. Ba\u015fvuru Sahibinin haklar\u0131 a\u015fa\u011f\u0131daki gibidir: Ki\u015fisel verilerinin i\u015flenip i\u015flenmedi\u011fini \u00f6\u011frenme Ki\u015fisel verileri i\u015flenmi\u015fse buna ili\u015fkin bilgi talep &hellip; <\/p>\n<p class=\"more-link-wrap\"><a href=\"https:\/\/adencosmetics.com.tr\/en\/kvkk-application-form\/\" class=\"more-link\"><span>Read More<span class=\"screen-reader-text\"> &#8220;KVKK Application Form&#8221;<\/span><\/span><i class=\"opal-icon-angle-double-right\" aria-hidden=\"true\"><\/i><\/a><\/p>\n","protected":false},"author":1,"featured_media":0,"parent":0,"menu_order":0,"comment_status":"closed","ping_status":"closed","template":"","meta":{"inline_featured_image":false,"om_disable_all_campaigns":false,"footnotes":""},"class_list":["post-12880","page","type-page","status-publish","hentry"],"_links":{"self":[{"href":"https:\/\/adencosmetics.com.tr\/en\/wp-json\/wp\/v2\/pages\/12880","targetHints":{"allow":["GET"]}}],"collection":[{"href":"https:\/\/adencosmetics.com.tr\/en\/wp-json\/wp\/v2\/pages"}],"about":[{"href":"https:\/\/adencosmetics.com.tr\/en\/wp-json\/wp\/v2\/types\/page"}],"author":[{"embeddable":true,"href":"https:\/\/adencosmetics.com.tr\/en\/wp-json\/wp\/v2\/users\/1"}],"replies":[{"embeddable":true,"href":"https:\/\/adencosmetics.com.tr\/en\/wp-json\/wp\/v2\/comments?post=12880"}],"version-history":[{"count":0,"href":"https:\/\/adencosmetics.com.tr\/en\/wp-json\/wp\/v2\/pages\/12880\/revisions"}],"wp:attachment":[{"href":"https:\/\/adencosmetics.com.tr\/en\/wp-json\/wp\/v2\/media?parent=12880"}],"curies":[{"name":"wp","href":"https:\/\/api.w.org\/{rel}","templated":true}]}}