{"id":12885,"date":"2023-06-19T03:31:10","date_gmt":"2023-06-19T03:31:10","guid":{"rendered":"https:\/\/adencosmetics.com.tr\/kullanim-sartlari-kullanim-sozlesmesi\/"},"modified":"2023-12-21T22:24:13","modified_gmt":"2023-12-21T22:24:13","slug":"terms-of-use-user-agreement","status":"publish","type":"page","link":"https:\/\/adencosmetics.com.tr\/en\/terms-of-use-user-agreement\/","title":{"rendered":"TERMS OF USE &#038; USER AGREEMENT"},"content":{"rendered":"\t\t<div data-elementor-type=\"wp-page\" data-elementor-id=\"12885\" class=\"elementor elementor-12885\" data-elementor-post-type=\"page\">\n\t\t\t\t\t\t<section class=\"elementor-section elementor-top-section elementor-element elementor-element-cd006d1 elementor-section-boxed elementor-section-height-default elementor-section-height-default\" data-id=\"cd006d1\" data-element_type=\"section\" data-e-type=\"section\">\n\t\t\t\t\t\t\t<div class=\"elementor-background-overlay\"><\/div>\n\t\t\t\t\t\t\t<div class=\"elementor-container elementor-column-gap-default\">\n\t\t\t\t\t<div class=\"elementor-column elementor-col-100 elementor-top-column elementor-element elementor-element-23eb985\" data-id=\"23eb985\" data-element_type=\"column\" data-e-type=\"column\">\n\t\t\t<div class=\"elementor-widget-wrap elementor-element-populated\">\n\t\t\t\t\t\t<div class=\"elementor-element elementor-element-fae63a2 elementor-widget__width-initial elementor-widget elementor-widget-text-editor\" data-id=\"fae63a2\" data-element_type=\"widget\" data-e-type=\"widget\" data-widget_type=\"text-editor.default\">\n\t\t\t\t<div class=\"elementor-widget-container\">\n\t\t\t\t\t        <div class=\"elementor-text-editor elementor-clearfix\"><p><\/p><p><strong>KULLANIM \u015eARTLARI<\/strong>\u00a0&amp;\u00a0<strong>KULLANIM S\u00d6ZLE\u015eMES\u0130<\/strong><\/p><p>\u00a0<\/p><p>\u00a0<\/p><ol><li><strong>Genel H\u00fck\u00fcmler<\/strong><\/li><\/ol><p>1.1. <strong>IMEX \u0130NSAN KAYNAKLARI \u0130N\u015eAAT TUR\u0130ZM VE T\u0130CARET A.\u015e.<\/strong> (\u201c\u015eirket\u201d) taraf\u0131ndan i\u015fletilen \u201cwww.adencosmetics.com.tr\u201d adresindeki internet sitesi (\u201c\u0130nternet Sitesi\u201d) ve mobil uygulamas\u0131n\u0131 (\u201cMobil Uygulama\u201d) ziyaret eden ve\/veya herhangi bir \u015fekilde kullanan ki\u015filer (\u201cKullan\u0131c\u0131\u201d) taraf\u0131ndan, i\u015fbu Kullan\u0131m S\u00f6zle\u015fmesi\u2019nin \u0130nternet Sitesi ve Mobil Uygulama kullan\u0131lmadan \u00f6nce okunmas\u0131 gereklidir. Kullan\u0131m S\u00f6zle\u015fmesi\u2019nde d\u00fczenlenen ko\u015fullar\u0131n Kullan\u0131c\u0131 taraf\u0131ndan kabul edilmemesi halinde, \u0130nternet Sitesi\u2019ni ve Mobil Uygulaman\u0131n kullan\u0131m\u0131 derhal sona erdirilmelidir. Kullan\u0131c\u0131n\u0131n \u0130nternet Sitesi\u2019ni veya Mobil Uygulamay\u0131 kullanmas\u0131 ve\/veya ki\u015fisel bilgilerinin yer alaca\u011f\u0131 formu doldurmas\u0131 halinde i\u015fbu S\u00f6zle\u015fme\u2019mde yaz\u0131l\u0131 \u015fartlar\u0131 kabul edilmi\u015f ve onaylanm\u0131\u015f olacakt\u0131r.<br \/>\u00a0<\/p><p>1.2. \u015eirket, \u0130nternet Sitesi ve\/veya Mobil Uygulama \u2018da mevcut her t\u00fcr hizmet, \u00fcr\u00fcn, kullanma ko\u015fullar\u0131 ile \u0130nternet Sitesi ve\/veya Mobil Uygulama \u2018da sunulan bilgileri \u00f6nceden bir ihtara gerek olmaks\u0131z\u0131n de\u011fi\u015ftirme, yeniden organize etme, yay\u0131n\u0131 durdurma hakk\u0131n\u0131 sakl\u0131 tutar. De\u011fi\u015fiklikler \u0130nternet Sitesi\u2019nde ve\/veya Mobil Uygulama \u2018da yay\u0131n tarihinde y\u00fcr\u00fcrl\u00fc\u011fe girer. \u015eirket, Kullan\u0131c\u0131lara \u0130nternet Sitesi\u2019ne ve\/veya Mobil Uygulama \u2018ya her giri\u015fte yasal uyar\u0131 sayfas\u0131n\u0131 ziyaret etmelerini tavsiye etmektedir. Bu ko\u015fullar link verilen di\u011fer internet sayfalar\u0131 i\u00e7in de ge\u00e7erlidir.<br \/>\u00a0<\/p><p>\u00a0<\/p><ol start=\"2\"><li><strong>Kullan\u0131m Kurallar\u0131<\/strong><\/li><\/ol><p>2.1. \u0130nternet Sitesi ve Mobil Uygulama \u00fczerinde verilen hizmetler aksi belirtilmedik\u00e7e t\u00fcm \u00fcyelere a\u00e7\u0131k ve \u00fccretsizdir. A\u015fa\u011f\u0131daki yaz\u0131l\u0131 durumlarda, bunlarla ili\u015fkisi oldu\u011fu tespit edilen ki\u015fi veya ki\u015filer hakk\u0131nda kanuni haklar\u0131 sakl\u0131 tutulmakla birlikte, Kullan\u0131c\u0131n\u0131n \u0130nternet Sitesi veya Mobil Uygulama kullan\u0131m\u0131 engellenebilir:<br \/>\u00a0<\/p><p>(a) Yanl\u0131\u015f, eksik ve yan\u0131lt\u0131c\u0131 bilgiler, genel ahlak kurallar\u0131na uygun olmayan ifadeler i\u00e7eren ve T\u00fcrkiye Cumhuriyeti yasalar\u0131na ayk\u0131r\u0131 verilerin \u0130nternet Sitesi ve\/veya Mobil Uygulama \u2019ya kaydedilmesi,<br \/>\u00a0<\/p><p>(b) \u0130nternet Sitesi ve\/veya Mobil Uygulama i\u00e7eri\u011finin izinsiz olarak k\u0131smen veya t\u00fcm\u00fcyle kopyalanmas\u0131,<br \/>\u00a0<\/p><p>(c) \u0130nternet Sitesi ve\/veya Mobil Uygulaman\u0131n g\u00fcvenli\u011fini tehdit edecek ve kullan\u0131lan yaz\u0131l\u0131mlar\u0131n \u00e7al\u0131\u015fmas\u0131n\u0131 engelleyecek yaz\u0131l\u0131mlar\u0131n kullan\u0131lmas\u0131, faaliyetlerin yap\u0131lmas\u0131, yap\u0131lmaya \u00e7al\u0131\u015f\u0131lmas\u0131 ve bilgilerin al\u0131nmas\u0131, silinmesi, de\u011fi\u015ftirilmesi.<br \/><br \/>\u00a0<\/p><ol start=\"3\"><li><strong>\u0130\u00e7erik Kullan\u0131m\u0131<\/strong><\/li><\/ol><p>3.1. \u015eirket, \u0130nternet Sitesi ve Mobil Uygulaman\u0131n genel g\u00f6r\u00fcn\u00fcm ve tasar\u0131m\u0131 ile \u0130nternet Sitesi ile Mobil Uygulamadaki t\u00fcm bilgi, resim, her t\u00fcrl\u00fc marka, \u0130nternet Sitesi alan ad\u0131, logo, ikon, demonstratif, yaz\u0131l\u0131, elektronik, grafik veya makinede okunabilir \u015fekilde sunulan teknik veriler, bilgisayar yaz\u0131l\u0131mlar\u0131, uygulanan sat\u0131\u015f sistemi, i\u015f metodu ve i\u015f modeli de dahil t\u00fcm materyallerin (\u201cMateryaller\u201d) ve bunlara ili\u015fkin fikri ve s\u0131nai m\u00fclkiyet haklar\u0131n\u0131n sahibi veya lisans sahibidir ve Materyaller yasal koruma alt\u0131ndad\u0131r. \u0130nternet Sitesi ve\/veya Mobil Uygulama \u2019da bulunan hi\u00e7bir Materyal; \u00f6nceden izin al\u0131nmadan ve kaynak g\u00f6sterilmeden, kod ve yaz\u0131l\u0131m da d\u00e2hil olmak \u00fczere, de\u011fi\u015ftirilemez, kopyalanamaz, \u00e7o\u011falt\u0131lamaz, ba\u015fka bir lisana \u00e7evrilemez, yeniden yay\u0131mlanamaz, ba\u015fka bir bilgisayara y\u00fcklenemez, postalanamaz, iletilemez, sunulamaz veya da\u011f\u0131t\u0131lamaz. \u0130nternet Sitesi ve\/veya Mobil Uygulaman\u0131n b\u00fct\u00fcn\u00fc veya bir k\u0131sm\u0131 ba\u015fka bir internet sitesi veya mobil uygulamada izinsiz olarak kullan\u0131lamaz.<br \/>\u00a0<\/p><p>3.2. Kullan\u0131c\u0131lara tan\u0131mlanan veya kendi belirledikleri kullan\u0131c\u0131 ad\u0131, \u015fifre gibi bilgilerin, kullan\u0131m haklar\u0131n\u0131n, \u00fc\u00e7\u00fcnc\u00fc ki\u015fi veya kurulu\u015flarla payla\u015f\u0131lmas\u0131ndan (bu bilgilerin Kullan\u0131c\u0131 d\u0131\u015f\u0131ndaki ki\u015filer taraf\u0131ndan kullan\u0131lmas\u0131ndan) kaynaklanacak her t\u00fcrl\u00fc zarardan do\u011frudan Kullan\u0131c\u0131 sorumludur. Ayn\u0131 \u015fekilde Kullan\u0131c\u0131, internet ortam\u0131nda bir ba\u015fkas\u0131na ait IP adresi, elektronik posta adresi, kullan\u0131c\u0131 ad\u0131 gibi ki\u015fisel bilgileri kullanamayaca\u011f\u0131 gibi di\u011fer Kullan\u0131c\u0131lar\u0131n \u00f6zel bilgilerine de izinsiz olarak ula\u015famaz veya bunlar\u0131 kullanamaz. Kullan\u0131c\u0131 bu \u015fekilde bir kullan\u0131mdan dolay\u0131 do\u011fabilecek her t\u00fcrl\u00fc hukuki ve cezai y\u00fck\u00fcml\u00fcl\u00fc\u011f\u00fc kabul etmi\u015f say\u0131lmaktad\u0131r.<br \/>\u00a0<\/p><p>3.3. \u015eirket, \u0130nternet Sitesi\u2019nin veya Mobil Uygulaman\u0131n ve di\u011fer veriler ile programlar\u0131n kullan\u0131lmas\u0131 sebebiyle, s\u00f6zle\u015fmenin ihlali, haks\u0131z fiil, ya da ba\u015fkaca sebeplere binaen, do\u011fabilecek do\u011frudan ya da dolayl\u0131 hi\u00e7bir zarardan sorumlu de\u011fildir. \u015eirket, S\u00f6zle\u015fme\u2019nin ihlali, haks\u0131z fiil, ihmal veya di\u011fer sebepler neticesinde; i\u015flemin kesintiye u\u011framas\u0131, hata, ihmal, kesinti, silinme, kay\u0131p, i\u015flemin veya ileti\u015fimin gecikmesi, bilgisayar vir\u00fcs\u00fc, telekom\u00fcnikasyon hatlar\u0131nda meydana gelen ar\u0131zalar, ileti\u015fim hatas\u0131, h\u0131rs\u0131zl\u0131k, imha veya izinsiz olarak kay\u0131tlara girilmesi, de\u011fi\u015ftirilmesi veya kullan\u0131lmas\u0131 hususlar\u0131nda herhangi bir sorumluluk kabul etmemektedir.<br \/>\u00a0<\/p><p>3.4. Kullan\u0131c\u0131 taraf\u0131ndan \u0130nternet Sitesi ve Mobil Uygulama \u00fczerinden iletilen t\u00fcm i\u00e7erik \u015eirket\u2019e ait olup, i\u015fbu i\u00e7erik pazarlama amac\u0131yla kullan\u0131labilir.<br \/>\u00a0<\/p><p>\u00a0<\/p><ol start=\"4\"><li><strong>Sorumluluklar<\/strong><\/li><\/ol><p>4.1. Kullan\u0131c\u0131, \u0130nternet Sitesi ve\/veya Mobil Uygulamay\u0131 ba\u015fland\u0131\u011f\u0131 andan itibaren bu Kullan\u0131m S\u00f6zle\u015fmesi\u2019nin t\u00fcm h\u00fck\u00fcmlerini kabul etmi\u015f say\u0131laca\u011f\u0131n\u0131 ve s\u00f6zle\u015fmenin kendisi hakk\u0131nda h\u00fck\u00fcm ifade edece\u011fini kabul eder. Kullan\u0131c\u0131 i\u015fbu s\u00f6zle\u015fme ile \u00fcstlenmi\u015f oldu\u011fu y\u00fck\u00fcml\u00fcl\u00fcklere ayk\u0131r\u0131 hareketi nedeniyle \u015eirket\u2019in u\u011frayaca\u011f\u0131 her t\u00fcrl\u00fc zarar\u0131 aynen tazmin etmeyi kabul eder. \u015eirket, Kullan\u0131c\u0131n\u0131n s\u00f6zle\u015fmeye ayk\u0131r\u0131 davran\u0131\u015flar\u0131 nedeniyle kamu kurumlar\u0131na ve\/veya \u00fc\u00e7\u00fcnc\u00fc \u015fah\u0131slara \u00f6demek zorunda kalabilece\u011fi her t\u00fcrl\u00fc tazminat ve\/veya idari\/adli para cezalar\u0131 i\u00e7in Kullan\u0131c\u0131 \u2019ya aynen r\u00fccu hakk\u0131na sahiptir.<br \/>\u00a0<\/p><p>4.2. \u0130nternet Sitesi ve Mobil uygulamay\u0131 kullanan Kullan\u0131c\u0131lar\u0131n yapm\u0131\u015f olduklar\u0131 i\u015flemler (ziyaret s\u00fcresi, zaman\u0131, g\u00f6r\u00fcnt\u00fclenen sayfalar) daha iyi hizmet sunmak amac\u0131 ile takip edilmektedir. Bu bilgiler, gizlilik \u015fartlar\u0131na ba\u011fl\u0131 kal\u0131narak \u0130nternet Sitesi ve Mobil Uygulaman\u0131n Kullan\u0131c\u0131lara sunulan deneyimi geli\u015ftirmek, i\u00e7eri\u011fi geni\u015fletmek ve iyile\u015ftirmek amac\u0131 ile reklam vb. konularda i\u015f birli\u011fi yap\u0131lan firmalarla payla\u015f\u0131labilmektedir.<br \/>\u00a0<\/p><p>4.3. Kullan\u0131c\u0131, \u0130nternet Sitesi ve Mobil Uygulama hizmetlerinden yararlan\u0131rken, T\u00fcrk Ceza Kanunu, T\u00fcrk Ticaret Kanunu, Fikir ve Sanat Eserleri Kanunu, Marka ve Patent Haklar\u0131n\u0131n Korunmas\u0131 ile ilgili Kanun H\u00fckm\u00fcnde Kararnameler ve di\u011fer yasal d\u00fczenlemeler, Bor\u00e7lar Kanunu, di\u011fer ilgili mevzuat h\u00fck\u00fcmleri ile \u0130nternet Sitesi ve Mobil Uygulama \u00fczerinden yay\u0131mlayaca\u011f\u0131 her t\u00fcrl\u00fc duyuru ve bildirime uymay\u0131 kabul eder. Bu duyuru, bildirim ve yasalara ayk\u0131r\u0131 kullan\u0131m sebebiyle do\u011fabilecek hukuki, cezai ve mali her t\u00fcrl\u00fc sorumluluk m\u00fcnhas\u0131ran Kullan\u0131c\u0131 \u2019ya aittir.<br \/>\u00a0<\/p><p>4.4. Kullan\u0131c\u0131, di\u011fer Kullan\u0131c\u0131lar\u0131n \u0130nternet Sitesi ve\/veya Mobil uygulamay\u0131 kullanmas\u0131n\u0131 \u00f6nleyici veya zorla\u015ft\u0131r\u0131c\u0131 hareketlerde bulunamaz, sunucular\u0131 veya veri tabanlar\u0131n\u0131 otomatik programlar y\u00fckleyip zorlayamaz\/kilitleyemez, hile giri\u015fimlerinde bulunamaz. \u0130\u015fbu h\u00fck\u00fcmde belirtilen fiillerde bulunmas\u0131 halinde Kullan\u0131c\u0131n\u0131n hesab\u0131n\u0131n sonland\u0131r\u0131laca\u011f\u0131n\u0131 ve durumdan do\u011fabilecek her t\u00fcrl\u00fc hukuki, cezai sorumlulu\u011fu kabul eder.<br \/>\u00a0<\/p><p>4.5. Kullan\u0131c\u0131 taraf\u0131ndan, herhangi bir zaman \u0130nternet Sitesi \u00fczerinden hesap iptal edilebilir. Hesab\u0131n\u0131 iptal eden Kullan\u0131c\u0131n\u0131n \u0130nternet Sitesi\u2019ne ve Mobil Uygulama \u2019ya giri\u015f yetkisi iptal edilecektir. Herhangi bir \u015fekilde sonland\u0131r\u0131lan Kullan\u0131c\u0131 hesab\u0131na ait her t\u00fcrl\u00fc kayd\u0131 silip silmeme karar\u0131 \u015eirket\u2019e aittir. Kullan\u0131c\u0131 silinen kay\u0131tlarla ilgili herhangi bir hak veya tazminat talebinde bulunamaz.<br \/>\u00a0<\/p><p>4.6. \u0130nternet Sitesi ve Mobil Uygulama, \u015eirket\u2019in kontrol\u00fc alt\u0131nda olmayan ba\u015fka internet sitelerinde ba\u011flant\u0131 veya referans i\u00e7erebilir. \u015eirket, bu sitelerin i\u00e7eriklere veya i\u00e7erdikleri di\u011fer ba\u011flant\u0131lardan sorumlu de\u011fildir.<br \/>\u00a0<\/p><p>4.7. Internet Sitesi\u2019nin ve Mobil Uygulaman\u0131n belirli yerlerinde o b\u00f6l\u00fcme \u00f6zel farkl\u0131 kurallar ve y\u00fck\u00fcml\u00fcl\u00fckler b\u00f6l\u00fcm i\u00e7eri\u011finde duyurulmak kayd\u0131 ile belirtilebilir. Bu b\u00f6l\u00fcmleri kullanan ki\u015fi ve kurulu\u015flar belirtilen bu kurallar\u0131 pe\u015finen kabul etmi\u015f say\u0131l\u0131r.<br \/><br \/>\u00a0<\/p><ol start=\"5\"><li><strong>Hizmet S\u00fcreklili\u011fi<\/strong><\/li><\/ol><p><br \/>5.1. \u015eirket taahh\u00fct etti\u011fi hizmetlerin s\u00fcreklili\u011fini sa\u011flamak i\u00e7in, i\u015fbu S\u00f6zle\u015fme \u00fczerinde herhangi bir ayr\u0131ca bildirimde bulunmaks\u0131z\u0131n tek tarafl\u0131 olarak de\u011fi\u015fiklik yapabilir ve her zaman herhangi bir gerek\u00e7e g\u00f6stermeksizin, tek tarafl\u0131 olarak verdi\u011fi hizmeti s\u00fcrekli veya ge\u00e7ici olarak durdurma, servisin i\u00e7eri\u011fini de\u011fi\u015ftirme veya iptal etme hakk\u0131na sahiptir. \u015eirket, herhangi bir de\u011fi\u015fiklik olmas\u0131 halinde g\u00fcncel Kullan\u0131m S\u00f6zle\u015fmesi\u2019ni ayn\u0131 link alt\u0131nda yeni tarih g\u00fcncellemesi ile \u0130nternet Sitesi\u2019nde yay\u0131nlayacak, gerek g\u00f6rmesi halinde elektronik posta ile Kullan\u0131c\u0131lara bildirilecektir. G\u00fcncel Kullan\u0131m S\u00f6zle\u015fmesi, \u0130nternet Sitesi&#8217;nde yay\u0131nland\u0131\u011f\u0131 andan itibaren ge\u00e7erli olacak ve Internet Sitesi\u2019nin ve\/veya Mobil Uygulaman\u0131n kullan\u0131m\u0131 o andan itibaren yenilenmi\u015f Kullan\u0131m S\u00f6zle\u015fmesi\u2019ne tabi olacakt\u0131r.<br \/>\u00a0<\/p><p>5.2. Kullan\u0131c\u0131, kay\u0131t formunu doldurup onaylad\u0131\u011f\u0131 veya bu sistemi kullanarak herhangi bir hizmet ald\u0131\u011f\u0131 veya sipari\u015f verdi\u011fi andan itibaren i\u015fbu Kullan\u0131m S\u00f6zle\u015fmesi\u2019ne uymay\u0131 taahh\u00fct etmi\u015f kabul edilir. S\u00f6zle\u015fme, Kullan\u0131c\u0131n\u0131n hesab\u0131n\u0131n herhangi bir \u015fekilde kapat\u0131lmas\u0131 ile kendili\u011finden h\u00fck\u00fcms\u00fcz kalacakt\u0131r.<br \/><br \/>\u00a0<\/p><ol start=\"6\"><li><strong>Gizlilik Politikas\u0131<\/strong><\/li><\/ol><p><br \/>6.1. \u0130nternet Sitesi ve Mobil Uygulama \u2019da, Kullan\u0131c\u0131lara daha iyi hizmet verebilmek amac\u0131yla baz\u0131 ki\u015fisel bilgiler (isim, ya\u015f, e-posta adresi, vb.) talep edilmektedir. \u0130nternet Sitesi ve Mobil Uygulama ile toplanan bu veriler; kampanya \u00e7al\u0131\u015fmalar\u0131 veya Kullan\u0131c\u0131n\u0131n hesab\u0131na y\u00f6nelik \u00f6zel promosyon faaliyetlerinin yap\u0131labilmesi i\u00e7in \u0130nternet Sitesi ve Mobil Uygulama b\u00fcnyesinde kullan\u0131lmaktad\u0131r. Ki\u015fisel bilgiler haricinde; \u0130nternet Sitesi veya Mobil Uygulama \u00fczerinden yap\u0131lan i\u015flemlere ait istatistiksel veriler analiz edilmekte ve saklanmaktad\u0131r.<\/p><p>\u00a0<\/p><p>6.2. \u015eirket, \u00fcyelik formlar\u0131 ile kendisine iletilen bilgileri, Kullan\u0131c\u0131lar\u0131n haberi veya aksi bir talimat\u0131 olmaks\u0131z\u0131n, \u00fc\u00e7\u00fcnc\u00fc \u015fah\u0131slarla kesinlikle payla\u015fmamakta, faaliyet d\u0131\u015f\u0131 hi\u00e7bir nedenle ticari ama\u00e7la kullanmamakta ve satmamaktad\u0131r.<br \/>\u00a0<\/p><p>6.3. \u0130nternet Sitesi i\u00e7eri\u011finde Google Analytics\u2019in Yeniden Pazarlama &amp; Demografi ve \u0130lgi Alan\u0131 Raporlamas\u0131 \u00f6zellikleri kullan\u0131lmaktad\u0131r. Reklam ayarlar\u0131 kullan\u0131larak G\u00f6r\u00fcnt\u00fcl\u00fc Reklamc\u0131l\u0131k i\u00e7in Google Analytics\u2019in kapsam\u0131 d\u0131\u015f\u0131nda kalabilir ve Google G\u00f6r\u00fcnt\u00fcl\u00fc Reklam A\u011f\u0131 reklamlar\u0131 \u00f6zelle\u015ftirilebilir. Google Analytics ile sa\u011flanan demografik bilgiler, \u0130nternet Sitesi\u2019ni ve varsa \u0130nternet Sitesi \u00fczerinden verilen reklamlar\u0131, Kullan\u0131c\u0131lar\u0131n ilgi alanlar\u0131na g\u00f6re \u00f6zelle\u015ftirmek i\u00e7in kullan\u0131lmaktad\u0131r. \u0130\u015fbu bilgiler, hedef kitle \u00e7al\u0131\u015fmalar\u0131nda kullan\u0131l\u0131rken di\u011fer Kullan\u0131c\u0131lara ait bilgilerle birlikte olmak \u00fczere reklam yay\u0131nc\u0131lar\u0131 ile payla\u015f\u0131labilir. Bu bilgiler herhangi bir \u015fekilde ki\u015fisel bilgi (isim, soyad\u0131, T.C Kimlik No, cinsiyet, ya\u015f vb.) i\u00e7ermeyip, grup olarak Kullan\u0131c\u0131 e\u011filimleri ile ilgili \u00e7al\u0131\u015fmalar yapmak ve hedef kitleyi derlemek etmek amac\u0131yla kullan\u0131lmaktad\u0131r. \u0130\u015fbu Kullan\u0131m S\u00f6zle\u015fmesi\u2019ni kabul edilmesiyle, anonim bilgilerin reklam yay\u0131nc\u0131lar\u0131 ile reklam ve tan\u0131t\u0131m amac\u0131yla payla\u015f\u0131lmas\u0131na onay verilmektedir.<br \/>\u00a0<\/p><p>6.4. Google dahil \u00fc\u00e7\u00fcnc\u00fc taraf sa\u011flay\u0131c\u0131lar, \u0130nternet Sitesi ve Mobil Uygulama reklamlar\u0131n\u0131 internet \u00fczerindeki yay\u0131nc\u0131 sitelerde yer verdikleri banner alanlar\u0131nda g\u00f6sterecektir. Ziyaret\u00e7ilerin \u0130nternet Sitesi\u2019ne ve Mobil Uygulamaya ge\u00e7mi\u015fte yapt\u0131\u011f\u0131 ziyaretleri temel alarak reklamlarla ilgili bilgi toplamak, reklamlar\u0131 optimize etmek ve yay\u0131nlamak \u00fczere \u0130nternet Sitesi taraf\u0131ndan ve Google dahil \u00fc\u00e7\u00fcnc\u00fc taraf sa\u011flay\u0131c\u0131larca birinci taraf \u00e7erezler ile \u00fc\u00e7\u00fcnc\u00fc taraf \u00e7erezler birlikte kullan\u0131lmaktad\u0131r.<br \/>\u00a0<\/p><p>6.5. Ki\u015fisel Kullan\u0131c\u0131 bilgileri, ancak resmi makamlarca talep edilmesi halinde ve y\u00fcr\u00fcrl\u00fckteki emredici mevzuat h\u00fck\u00fcmleri gere\u011fince a\u00e7\u0131klama yapmak zorunda olundu\u011fu durumlarda resmi makamlara a\u00e7\u0131klanacakt\u0131r.<br \/>\u00a0<\/p><p>6.6. \u00d6deme sayfas\u0131nda talep edilen Kullan\u0131c\u0131 kredi kart\u0131 bilgileri, \u0130nternet Sitesi ve\/veya Mobil Uygulamadan al\u0131\u015fveri\u015f yapan Kullan\u0131c\u0131lar\u0131n g\u00fcvenli\u011fini en \u00fcst seviyede tutmak amac\u0131yla hi\u00e7bir \u015fekilde \u0130nternet Sitesi ve Mobil Uygulama veya hizmet veren \u00fc\u00e7\u00fcnc\u00fc \u015firketlerin sunucular\u0131nda tutulmamaktad\u0131r. Bu \u015fekilde \u00f6demeye y\u00f6nelik t\u00fcm i\u015flemlerin \u0130nternet Sitesi ve Mobil Uygulama ara y\u00fcz\u00fc \u00fczerinden ilgili banka ile Kullan\u0131c\u0131n\u0131n kullanmakta oldu\u011fu cihaz aras\u0131nda ger\u00e7ekle\u015fmesi sa\u011flanmaktad\u0131r.<br \/>\u00a0<\/p><p>6.7. Kullan\u0131c\u0131, i\u015fbu Kullan\u0131m S\u00f6zle\u015fmesi\u2019ni onaylayarak, \u015eirket ile payla\u015fm\u0131\u015f oldu\u011fu bilgilerin \u015fahs\u0131na ait oldu\u011funu ve bu bilgilerin, sat\u0131\u015f ve pazarlama faaliyetlerinin y\u00fcr\u00fct\u00fclebilmesi amac\u0131yla ve her t\u00fcrl\u00fc ileti\u015fim arac\u0131na uygun bildiriminin sa\u011flanmas\u0131 i\u00e7in \u015eirket\u2019in i\u015ftiraki olan di\u011fer t\u00fczel ki\u015filer ile de payla\u015f\u0131labilece\u011fine onay vermektedir.<br \/>\u00a0<\/p><p>6.8. \u0130nternet Sitesi \u00fcyeli\u011fi \u00e7er\u00e7evesinde g\u00f6nderilen e-postalar\u0131n alt k\u0131sm\u0131nda bulunan \u201cKampanya duyurular\u0131ndan haberdar olmak istemiyorsan\u0131z l\u00fctfen t\u0131klay\u0131n\u0131z.\u201d linkine t\u0131klayarak veya \u0130nternet Sitesi \u00fczerinde &#8220;Hesab\u0131m&#8221; b\u00f6l\u00fcm\u00fcnde bulunan &#8220;\u00dcyelik Bilgileri G\u00fcncelleme&#8221; alan\u0131nda &#8220;Reklam ve duyuru e-postalar\u0131n\u0131 almak istiyorum&#8221; se\u00e7ene\u011fini bo\u015f b\u0131rakarak e-posta g\u00f6nderim listesinden her zaman \u00e7\u0131k\u0131\u015f yap\u0131labilmektedir.<br \/><br \/>\u00a0<\/p><ol start=\"7\"><li><strong>Uygulanacak Hukuk ve Yetkili Mahkeme<\/strong><\/li><\/ol><p><br \/>7.1. \u0130\u015fbu Kullan\u0131m S\u00f6zle\u015fmesi&#8217;nin uygulanmas\u0131nda ve yorumlanmas\u0131nda T\u00fcrk hukuku uygulanacakt\u0131r.\u00a0 Kullan\u0131m S\u00f6zle\u015fmesi&#8217;nden do\u011fan veya do\u011fabilecek her t\u00fcrl\u00fc ihtilaf\u0131n \u00e7\u00f6z\u00fcm\u00fcnde, Antalya Mahkemeleri, \u0130cra Daireleri ve Arabuluculuk B\u00fcrolar\u0131 yetkilidir.<\/p><p>\u00a0<\/p><p>\u00a0<\/p><p><br \/><strong>IMEX \u0130NSAN KAYNAKLARI \u0130N\u015eAAT TUR\u0130ZM VE T\u0130CARET A.\u015e.<\/strong><\/p><p>Alt\u0131nda\u011f Mah. Tongu\u00e7 Cad. No:26 Mehmet Zeki Balc\u0131 \u0130\u015f Merkezi K:5 D:17 Muratpa\u015fa\/ Antalya<\/p><p>\u00a0<\/p><p><\/p><\/div>\n        \t\t\t\t<\/div>\n\t\t\t\t<\/div>\n\t\t\t\t\t<\/div>\n\t\t<\/div>\n\t\t\t\t\t<\/div>\n\t\t<\/section>\n\t\t\t\t<\/div>\n\t\t","protected":false},"excerpt":{"rendered":"<p>KULLANIM \u015eARTLARI\u00a0&amp;\u00a0KULLANIM S\u00d6ZLE\u015eMES\u0130 Genel H\u00fck\u00fcmler 1.1. IMEX \u0130NSAN KAYNAKLARI \u0130N\u015eAAT TUR\u0130ZM VE T\u0130CARET A.\u015e. (\u201c\u015eirket\u201d) taraf\u0131ndan i\u015fletilen \u201cwww.adencosmetics.com.tr\u201d adresindeki internet sitesi (\u201c\u0130nternet Sitesi\u201d) ve mobil uygulamas\u0131n\u0131 (\u201cMobil Uygulama\u201d) ziyaret eden ve\/veya herhangi bir \u015fekilde kullanan ki\u015filer (\u201cKullan\u0131c\u0131\u201d) taraf\u0131ndan, i\u015fbu Kullan\u0131m S\u00f6zle\u015fmesi\u2019nin \u0130nternet Sitesi ve Mobil Uygulama kullan\u0131lmadan \u00f6nce okunmas\u0131 gereklidir. Kullan\u0131m S\u00f6zle\u015fmesi\u2019nde d\u00fczenlenen ko\u015fullar\u0131n Kullan\u0131c\u0131 &hellip; <\/p>\n<p class=\"more-link-wrap\"><a href=\"https:\/\/adencosmetics.com.tr\/en\/terms-of-use-user-agreement\/\" class=\"more-link\"><span>Read More<span class=\"screen-reader-text\"> &#8220;TERMS OF USE &#038; USER AGREEMENT&#8221;<\/span><\/span><i class=\"opal-icon-angle-double-right\" aria-hidden=\"true\"><\/i><\/a><\/p>\n","protected":false},"author":1,"featured_media":0,"parent":0,"menu_order":0,"comment_status":"closed","ping_status":"closed","template":"","meta":{"inline_featured_image":false,"om_disable_all_campaigns":false,"footnotes":""},"class_list":["post-12885","page","type-page","status-publish","hentry"],"_links":{"self":[{"href":"https:\/\/adencosmetics.com.tr\/en\/wp-json\/wp\/v2\/pages\/12885","targetHints":{"allow":["GET"]}}],"collection":[{"href":"https:\/\/adencosmetics.com.tr\/en\/wp-json\/wp\/v2\/pages"}],"about":[{"href":"https:\/\/adencosmetics.com.tr\/en\/wp-json\/wp\/v2\/types\/page"}],"author":[{"embeddable":true,"href":"https:\/\/adencosmetics.com.tr\/en\/wp-json\/wp\/v2\/users\/1"}],"replies":[{"embeddable":true,"href":"https:\/\/adencosmetics.com.tr\/en\/wp-json\/wp\/v2\/comments?post=12885"}],"version-history":[{"count":0,"href":"https:\/\/adencosmetics.com.tr\/en\/wp-json\/wp\/v2\/pages\/12885\/revisions"}],"wp:attachment":[{"href":"https:\/\/adencosmetics.com.tr\/en\/wp-json\/wp\/v2\/media?parent=12885"}],"curies":[{"name":"wp","href":"https:\/\/api.w.org\/{rel}","templated":true}]}}