{"id":12906,"date":"2021-04-19T04:23:17","date_gmt":"2021-04-19T04:23:17","guid":{"rendered":"https:\/\/adencosmetics.com.tr\/hakkimizda\/"},"modified":"2023-12-21T22:35:15","modified_gmt":"2023-12-21T22:35:15","slug":"about-us","status":"publish","type":"page","link":"https:\/\/adencosmetics.com.tr\/en\/about-us\/","title":{"rendered":"About Us"},"content":{"rendered":"\t\t<div data-elementor-type=\"wp-page\" data-elementor-id=\"12906\" class=\"elementor elementor-12906\" data-elementor-post-type=\"page\">\n\t\t\t\t\t\t<section class=\"elementor-section elementor-top-section elementor-element elementor-element-85396f3 elementor-section-boxed elementor-section-height-default elementor-section-height-default\" data-id=\"85396f3\" data-element_type=\"section\" data-e-type=\"section\">\n\t\t\t\t\t\t<div class=\"elementor-container elementor-column-gap-default\">\n\t\t\t\t\t<div class=\"elementor-column elementor-col-100 elementor-top-column elementor-element elementor-element-42d00ec\" data-id=\"42d00ec\" data-element_type=\"column\" data-e-type=\"column\">\n\t\t\t<div class=\"elementor-widget-wrap elementor-element-populated\">\n\t\t\t\t\t\t<div class=\"elementor-element elementor-element-df938a3 elementor-widget__width-initial elementor-widget elementor-widget-text-editor\" data-id=\"df938a3\" data-element_type=\"widget\" data-e-type=\"widget\" data-widget_type=\"text-editor.default\">\n\t\t\t\t<div class=\"elementor-widget-container\">\n\t\t\t\t\t        <div class=\"elementor-text-editor elementor-clearfix\"><p>ADEN Cosmetics, Helia-D Group cilt bak\u0131m grubuna aittir. \u00dcst d\u00fczey renkli kozmetik \u00fcr\u00fcnlerin sat\u0131\u015f\u0131n\u0131 yaparak kozmetik sekt\u00f6r\u00fcnde ba\u015far\u0131l\u0131 bir \u015fekilde faaliyet g\u00f6steren Avrupa Birli\u011fi firmas\u0131d\u0131r.<\/p><p>ADEN Cosmetics, son 25 y\u0131l\u0131n\u0131 kad\u0131nlar\u0131n taleplerini kar\u015f\u0131layan ve g\u00fcnl\u00fck ya\u015famlar\u0131nda hizmet eden bir \u00fcr\u00fcn yelpazesi olu\u015fturmaya adam\u0131\u015f uluslararas\u0131 bir markad\u0131r.<\/p><p>Bug\u00fcn ADEN Cosmetics, d\u00fcnya \u00e7ap\u0131nda 20&#8217;den fazla \u00fclkeye kozmetik \u00fcr\u00fcnleri satmaktad\u0131r.<\/p><p>Se\u00e7imin ilk unsurlar\u0131 likit rujlar ve dudak kalemleridir. Bu iki \u00fcr\u00fcn, hala \u00fcr\u00fcn yelpazesinin&nbsp; en m\u00fckemmel \u00fcr\u00fcnleridir. Bu \u00fcr\u00fcnlerin \u00e7o\u011fu son derece \u00e7ekici ve pratik paketlenmi\u015ftir ve y\u00fcksek renk se\u00e7eneklerinin yan\u0131 s\u0131ra i\u00e7eri\u011fi de son derece \u00f6nemlidir: Aden yaln\u0131zca \u00fcst\u00fcn kaliteli Alman, \u0130talyan ve \u0130spanyol hammadde tedarik\u00e7ileriyle \u00e7al\u0131\u015f\u0131r.<\/p><p>ADEN kad\u0131nlar\u0131n bir numaral\u0131 tercihidir. Marka, \u00fcst\u00fcn kalite, geni\u015f \u00fcr\u00fcn ve renk yelpazesi, se\u00e7kin \u00fcr\u00fcn tasar\u0131mlar\u0131, cazip fiyatlar&nbsp; gen\u00e7 kad\u0131nlar\u0131n hayatlar\u0131n\u0131n farkl\u0131 y\u00f6nlerini g\u00f6steren feminen tasar\u0131mlar sunuyor. En b\u00fcy\u00fck avantaj\u0131, kalitesidir. \u0130stisnas\u0131z hi\u00e7bir \u00fcr\u00fcn&nbsp; hayvanlar \u00fczerinde test edilmemi\u015ftir. Paraben i\u00e7ermez!&nbsp;<\/p><p>Ayr\u0131ca \u00fcr\u00fcn yelpazesi geni\u015fleyen vegan koleksiyonu da mevcuttur.<\/p><p>Kaliteli ve g\u00f6z kama\u015ft\u0131ran renklerin d\u00fcnyas\u0131.<\/p><div><br><\/div><\/div>\n        \t\t\t\t<\/div>\n\t\t\t\t<\/div>\n\t\t\t\t\t<\/div>\n\t\t<\/div>\n\t\t\t\t\t<\/div>\n\t\t<\/section>\n\t\t\t\t<\/div>\n\t\t","protected":false},"excerpt":{"rendered":"<p>ADEN Cosmetics, Helia-D Group cilt bak\u0131m grubuna aittir. \u00dcst d\u00fczey renkli kozmetik \u00fcr\u00fcnlerin sat\u0131\u015f\u0131n\u0131 yaparak kozmetik sekt\u00f6r\u00fcnde ba\u015far\u0131l\u0131 bir \u015fekilde faaliyet g\u00f6steren Avrupa Birli\u011fi firmas\u0131d\u0131r. ADEN Cosmetics, son 25 y\u0131l\u0131n\u0131 kad\u0131nlar\u0131n taleplerini kar\u015f\u0131layan ve g\u00fcnl\u00fck ya\u015famlar\u0131nda hizmet eden bir \u00fcr\u00fcn yelpazesi olu\u015fturmaya adam\u0131\u015f uluslararas\u0131 bir markad\u0131r. Bug\u00fcn ADEN Cosmetics, d\u00fcnya \u00e7ap\u0131nda 20&#8217;den fazla \u00fclkeye kozmetik &hellip; <\/p>\n<p class=\"more-link-wrap\"><a href=\"https:\/\/adencosmetics.com.tr\/en\/about-us\/\" class=\"more-link\"><span>Read More<span class=\"screen-reader-text\"> &#8220;About Us&#8221;<\/span><\/span><i class=\"opal-icon-angle-double-right\" aria-hidden=\"true\"><\/i><\/a><\/p>\n","protected":false},"author":1,"featured_media":0,"parent":0,"menu_order":0,"comment_status":"closed","ping_status":"closed","template":"page-elementor.php","meta":{"inline_featured_image":false,"om_disable_all_campaigns":false,"footnotes":""},"class_list":["post-12906","page","type-page","status-publish","hentry"],"_links":{"self":[{"href":"https:\/\/adencosmetics.com.tr\/en\/wp-json\/wp\/v2\/pages\/12906","targetHints":{"allow":["GET"]}}],"collection":[{"href":"https:\/\/adencosmetics.com.tr\/en\/wp-json\/wp\/v2\/pages"}],"about":[{"href":"https:\/\/adencosmetics.com.tr\/en\/wp-json\/wp\/v2\/types\/page"}],"author":[{"embeddable":true,"href":"https:\/\/adencosmetics.com.tr\/en\/wp-json\/wp\/v2\/users\/1"}],"replies":[{"embeddable":true,"href":"https:\/\/adencosmetics.com.tr\/en\/wp-json\/wp\/v2\/comments?post=12906"}],"version-history":[{"count":0,"href":"https:\/\/adencosmetics.com.tr\/en\/wp-json\/wp\/v2\/pages\/12906\/revisions"}],"wp:attachment":[{"href":"https:\/\/adencosmetics.com.tr\/en\/wp-json\/wp\/v2\/media?parent=12906"}],"curies":[{"name":"wp","href":"https:\/\/api.w.org\/{rel}","templated":true}]}}